{"id":1680,"date":"2025-04-17T11:25:06","date_gmt":"2025-04-17T08:25:06","guid":{"rendered":"http:\/\/localhost\/cet-yapi\/iletisim\/"},"modified":"2025-04-18T01:15:07","modified_gmt":"2025-04-17T22:15:07","slug":"contact-us","status":"publish","type":"page","link":"https:\/\/www.cetyapi.com.tr\/en\/contact-us\/","title":{"rendered":"Contact Us"},"content":{"rendered":"\n<p>You can share your feedback, suggestions, or complaints with us via the contact details below or by using the contact form on our Contact page.<\/p>\n\n\n\n<p><strong>Address:<\/strong> \u00c7oban\u00e7e\u015fme Sanayi Caddesi, Nish \u0130stanbul D Block, No: 186, Yenibosna &#8211; Bah\u00e7elievler, ISTANBUL<\/p>\n\n\n\n<p><strong>Phone:<\/strong> +90 212 662 30 00<\/p>\n\n\n\n<p><strong>E-mail:<\/strong> <a class=\"\">info@cetyapi.com.tr<\/a><\/p>\n","protected":false},"excerpt":{"rendered":"<p>You can share your feedback, suggestions, or complaints with us via the contact details below or by using the contact form on our Contact page. Address: \u00c7oban\u00e7e\u015fme Sanayi Caddesi, Nish \u0130stanbul D Block, No: 186, Yenibosna &#8211; Bah\u00e7elievler, ISTANBUL Phone: +90 212 662 30 00 E-mail: info@cetyapi.com.tr<\/p>\n","protected":false},"author":1,"featured_media":0,"parent":0,"menu_order":0,"comment_status":"closed","ping_status":"closed","template":"","meta":{"footnotes":""},"class_list":["post-1680","page","type-page","status-publish","hentry"],"_links":{"self":[{"href":"https:\/\/www.cetyapi.com.tr\/en\/wp-json\/wp\/v2\/pages\/1680","targetHints":{"allow":["GET"]}}],"collection":[{"href":"https:\/\/www.cetyapi.com.tr\/en\/wp-json\/wp\/v2\/pages"}],"about":[{"href":"https:\/\/www.cetyapi.com.tr\/en\/wp-json\/wp\/v2\/types\/page"}],"author":[{"embeddable":true,"href":"https:\/\/www.cetyapi.com.tr\/en\/wp-json\/wp\/v2\/users\/1"}],"replies":[{"embeddable":true,"href":"https:\/\/www.cetyapi.com.tr\/en\/wp-json\/wp\/v2\/comments?post=1680"}],"version-history":[{"count":3,"href":"https:\/\/www.cetyapi.com.tr\/en\/wp-json\/wp\/v2\/pages\/1680\/revisions"}],"predecessor-version":[{"id":1684,"href":"https:\/\/www.cetyapi.com.tr\/en\/wp-json\/wp\/v2\/pages\/1680\/revisions\/1684"}],"wp:attachment":[{"href":"https:\/\/www.cetyapi.com.tr\/en\/wp-json\/wp\/v2\/media?parent=1680"}],"curies":[{"name":"wp","href":"https:\/\/api.w.org\/{rel}","templated":true}]}}