{"id":1662,"date":"2025-03-22T17:54:59","date_gmt":"2025-03-22T14:54:59","guid":{"rendered":"http:\/\/localhost\/cet-yapi\/hakkimizda\/"},"modified":"2025-04-18T00:53:52","modified_gmt":"2025-04-17T21:53:52","slug":"about-us","status":"publish","type":"page","link":"https:\/\/www.cetyapi.com.tr\/en\/about-us\/","title":{"rendered":"About Us"},"content":{"rendered":"\n<p>\u00c7ET Yap\u0131 Turizm A.\u015e. was founded in 2000 in Istanbul by Assoc. Prof. Dr. Ahmet \u00c7etinsaya. With its industry experience and strong financial structure, the company quickly gained recognition in the sector through its projects in educational institutions, residential buildings, and high-quality construction developments. Embracing a total quality approach, \u00c7ET Yap\u0131 Turizm A.\u015e. has become one of the most successful companies in the industry, known for its commitment to occupational health and safety as well as respect for the environment. By fully leveraging the advantages of emerging technologies, we take pride\u2014together with our solution partners\u2014in every project we complete in the shortest possible time. Through its services in real estate development, project design, and contracting, \u00c7ET Yap\u0131 Turizm A.\u015e. continues to build the future in harmony with individuals and institutions it supports as a solution partner in all areas of life.<\/p>\n","protected":false},"excerpt":{"rendered":"<p>\u00c7ET Yap\u0131 Turizm A.\u015e. was founded in 2000 in Istanbul by Assoc. Prof. Dr. Ahmet \u00c7etinsaya. With its industry experience and strong financial structure, the company quickly gained recognition in the sector through its projects in educational institutions, residential buildings, and high-quality construction developments. Embracing a total quality approach, \u00c7ET Yap\u0131 Turizm A.\u015e. has become [&hellip;]<\/p>\n","protected":false},"author":1,"featured_media":0,"parent":0,"menu_order":0,"comment_status":"closed","ping_status":"closed","template":"","meta":{"footnotes":""},"class_list":["post-1662","page","type-page","status-publish","hentry"],"_links":{"self":[{"href":"https:\/\/www.cetyapi.com.tr\/en\/wp-json\/wp\/v2\/pages\/1662","targetHints":{"allow":["GET"]}}],"collection":[{"href":"https:\/\/www.cetyapi.com.tr\/en\/wp-json\/wp\/v2\/pages"}],"about":[{"href":"https:\/\/www.cetyapi.com.tr\/en\/wp-json\/wp\/v2\/types\/page"}],"author":[{"embeddable":true,"href":"https:\/\/www.cetyapi.com.tr\/en\/wp-json\/wp\/v2\/users\/1"}],"replies":[{"embeddable":true,"href":"https:\/\/www.cetyapi.com.tr\/en\/wp-json\/wp\/v2\/comments?post=1662"}],"version-history":[{"count":2,"href":"https:\/\/www.cetyapi.com.tr\/en\/wp-json\/wp\/v2\/pages\/1662\/revisions"}],"predecessor-version":[{"id":1664,"href":"https:\/\/www.cetyapi.com.tr\/en\/wp-json\/wp\/v2\/pages\/1662\/revisions\/1664"}],"wp:attachment":[{"href":"https:\/\/www.cetyapi.com.tr\/en\/wp-json\/wp\/v2\/media?parent=1662"}],"curies":[{"name":"wp","href":"https:\/\/api.w.org\/{rel}","templated":true}]}}